{"id":1769,"date":"2025-07-07T11:37:01","date_gmt":"2025-07-07T09:37:01","guid":{"rendered":"https:\/\/forwarder.webhost.city-map.com\/transport-danimaux\/"},"modified":"2025-07-10T16:54:20","modified_gmt":"2025-07-10T14:54:20","slug":"transport-d-animaux","status":"publish","type":"page","link":"https:\/\/forwardersearch.lufthansa-cargo.com\/fr\/transport-d-animaux\/","title":{"rendered":"Transport d&rsquo;animaux"},"content":{"rendered":"\t\t<div data-elementor-type=\"wp-page\" data-elementor-id=\"1769\" class=\"elementor elementor-1769\" data-elementor-post-type=\"page\">\n\t\t\t\t<div class=\"elementor-element elementor-element-ce0622b e-con-full e-flex e-con e-parent\" data-id=\"ce0622b\" data-element_type=\"container\" data-e-type=\"container\">\n\t\t<div class=\"elementor-element elementor-element-eb96202 e-con-full e-flex e-con e-child\" data-id=\"eb96202\" data-element_type=\"container\" data-e-type=\"container\">\n\t\t\t\t<div class=\"elementor-element elementor-element-a3ee3b0 elementor--v-position-bottom elementor--h-position-center elementor-arrows-position-inside elementor-pagination-position-inside elementor-widget elementor-widget-slides\" data-id=\"a3ee3b0\" data-element_type=\"widget\" data-e-type=\"widget\" data-settings=\"{&quot;navigation&quot;:&quot;both&quot;,&quot;autoplay&quot;:&quot;yes&quot;,&quot;pause_on_hover&quot;:&quot;yes&quot;,&quot;pause_on_interaction&quot;:&quot;yes&quot;,&quot;autoplay_speed&quot;:5000,&quot;infinite&quot;:&quot;yes&quot;,&quot;transition&quot;:&quot;slide&quot;,&quot;transition_speed&quot;:500}\" data-widget_type=\"slides.default\">\n\t\t\t\t\t\t\t\t\t\t<div class=\"elementor-slides-wrapper elementor-main-swiper swiper\" role=\"region\" aria-roledescription=\"carousel\" aria-label=\"Slider\" dir=\"ltr\" data-animation=\"\">\n\t\t\t\t<div class=\"swiper-wrapper elementor-slides\">\n\t\t\t\t\t\t\t\t\t\t<div class=\"elementor-repeater-item-f76cdbe swiper-slide\" role=\"group\" aria-roledescription=\"slide\"><div class=\"swiper-slide-bg\" role=\"img\" aria-label=\"Karte\"><\/div><div class=\"swiper-slide-inner\" ><div class=\"swiper-slide-contents\"><div class=\"elementor-slide-heading\">Votre portail pour le transport d'animaux vivants dans le monde entier<\/div><div class=\"elementor-slide-description\">Vous avez choisi Lufthansa Cargo pour le transport d\u2019animaux vivants et vous recherchez un transitaire fiable et sp\u00e9cialis\u00e9 dans ce domaine? Utilisez notre outil de recherche en ligne et demandez une offre personnalis\u00e9e directement au transitaire de votre choix !<\/div><\/div><\/div><\/div>\t\t\t\t<\/div>\n\t\t\t\t\t\t\t<\/div>\n\t\t\t\t\t\t\t\t<\/div>\n\t\t\t\t<\/div>\n\t\t\t\t<\/div>\n\t\t<div class=\"elementor-element elementor-element-758ddb7 e-flex e-con-boxed e-con e-parent\" data-id=\"758ddb7\" data-element_type=\"container\" data-e-type=\"container\">\n\t\t\t\t\t<div class=\"e-con-inner\">\n\t\t<div class=\"elementor-element elementor-element-3c80423 e-con-full e-flex e-con e-child\" data-id=\"3c80423\" data-element_type=\"container\" data-e-type=\"container\">\n\t\t<a class=\"elementor-element elementor-element-5b93682 e-con-full e-flex e-con e-child\" data-id=\"5b93682\" data-element_type=\"container\" data-e-type=\"container\" data-settings=\"{&quot;background_background&quot;:&quot;classic&quot;}\" href=\"https:\/\/forwardersearch.lufthansa-cargo.com\/tiertransporte\/tiertransport-haustiere-haustiertransport\/\">\n\t\t\t\t<div class=\"elementor-element elementor-element-ab0de79 elementor-widget elementor-widget-heading\" data-id=\"ab0de79\" data-element_type=\"widget\" data-e-type=\"widget\" data-widget_type=\"heading.default\">\n\t\t\t\t\t<h3 class=\"elementor-heading-title elementor-size-default\">Animaux domestiques<\/h3>\t\t\t\t<\/div>\n\t\t\t\t<div class=\"elementor-element elementor-element-e471ee3 elementor-widget elementor-widget-spacer\" data-id=\"e471ee3\" data-element_type=\"widget\" data-e-type=\"widget\" data-widget_type=\"spacer.default\">\n\t\t\t\t\t\t\t<div class=\"elementor-spacer\">\n\t\t\t<div class=\"elementor-spacer-inner\"><\/div>\n\t\t<\/div>\n\t\t\t\t\t\t<\/div>\n\t\t\t\t<\/a>\n\t\t<a class=\"elementor-element elementor-element-1065286 e-con-full e-flex e-con e-child\" data-id=\"1065286\" data-element_type=\"container\" data-e-type=\"container\" data-settings=\"{&quot;background_background&quot;:&quot;classic&quot;}\" href=\"https:\/\/forwardersearch.lufthansa-cargo.com\/tiertransporte\/tiertransport-pferde-pferdetransport\/\">\n\t\t\t\t<div class=\"elementor-element elementor-element-864c703 elementor-widget elementor-widget-heading\" data-id=\"864c703\" data-element_type=\"widget\" data-e-type=\"widget\" data-widget_type=\"heading.default\">\n\t\t\t\t\t<h3 class=\"elementor-heading-title elementor-size-default\">Chevaux<\/h3>\t\t\t\t<\/div>\n\t\t\t\t<div class=\"elementor-element elementor-element-753b220 elementor-widget elementor-widget-spacer\" data-id=\"753b220\" data-element_type=\"widget\" data-e-type=\"widget\" data-widget_type=\"spacer.default\">\n\t\t\t\t\t\t\t<div class=\"elementor-spacer\">\n\t\t\t<div class=\"elementor-spacer-inner\"><\/div>\n\t\t<\/div>\n\t\t\t\t\t\t<\/div>\n\t\t\t\t<\/a>\n\t\t<a class=\"elementor-element elementor-element-e91c574 e-con-full e-flex e-con e-child\" data-id=\"e91c574\" data-element_type=\"container\" data-e-type=\"container\" data-settings=\"{&quot;background_background&quot;:&quot;classic&quot;}\" href=\"https:\/\/forwardersearch.lufthansa-cargo.com\/tiertransporte\/tiertransport-zierfische-zierfischtransport\/\">\n\t\t\t\t<div class=\"elementor-element elementor-element-0f14a65 elementor-widget elementor-widget-heading\" data-id=\"0f14a65\" data-element_type=\"widget\" data-e-type=\"widget\" data-widget_type=\"heading.default\">\n\t\t\t\t\t<h3 class=\"elementor-heading-title elementor-size-default\">Poissons d'ornement<\/h3>\t\t\t\t<\/div>\n\t\t\t\t<div class=\"elementor-element elementor-element-cb6ca0a elementor-widget elementor-widget-spacer\" data-id=\"cb6ca0a\" data-element_type=\"widget\" data-e-type=\"widget\" data-widget_type=\"spacer.default\">\n\t\t\t\t\t\t\t<div class=\"elementor-spacer\">\n\t\t\t<div class=\"elementor-spacer-inner\"><\/div>\n\t\t<\/div>\n\t\t\t\t\t\t<\/div>\n\t\t\t\t<\/a>\n\t\t<a class=\"elementor-element elementor-element-cb266b1 e-con-full e-flex e-con e-child\" data-id=\"cb266b1\" data-element_type=\"container\" data-e-type=\"container\" data-settings=\"{&quot;background_background&quot;:&quot;classic&quot;}\" href=\"https:\/\/forwardersearch.lufthansa-cargo.com\/tiertransporte\/tiertransport-gefluegel-gefluegeltransport\/\">\n\t\t\t\t<div class=\"elementor-element elementor-element-79d02db elementor-widget elementor-widget-heading\" data-id=\"79d02db\" data-element_type=\"widget\" data-e-type=\"widget\" data-widget_type=\"heading.default\">\n\t\t\t\t\t<h3 class=\"elementor-heading-title elementor-size-default\">Volaille<\/h3>\t\t\t\t<\/div>\n\t\t\t\t<div class=\"elementor-element elementor-element-7ac4112 elementor-widget elementor-widget-spacer\" data-id=\"7ac4112\" data-element_type=\"widget\" data-e-type=\"widget\" data-widget_type=\"spacer.default\">\n\t\t\t\t\t\t\t<div class=\"elementor-spacer\">\n\t\t\t<div class=\"elementor-spacer-inner\"><\/div>\n\t\t<\/div>\n\t\t\t\t\t\t<\/div>\n\t\t\t\t<\/a>\n\t\t<a class=\"elementor-element elementor-element-4250d72 e-con-full e-flex e-con e-child\" data-id=\"4250d72\" data-element_type=\"container\" data-e-type=\"container\" data-settings=\"{&quot;background_background&quot;:&quot;classic&quot;}\" href=\"https:\/\/forwardersearch.lufthansa-cargo.com\/tiertransporte\/tiertransport-andere-tiere\/\">\n\t\t\t\t<div class=\"elementor-element elementor-element-09086d7 elementor-widget elementor-widget-heading\" data-id=\"09086d7\" data-element_type=\"widget\" data-e-type=\"widget\" data-widget_type=\"heading.default\">\n\t\t\t\t\t<h3 class=\"elementor-heading-title elementor-size-default\">Autres animaux<\/h3>\t\t\t\t<\/div>\n\t\t\t\t<div class=\"elementor-element elementor-element-ef947c6 elementor-widget elementor-widget-spacer\" data-id=\"ef947c6\" data-element_type=\"widget\" data-e-type=\"widget\" data-widget_type=\"spacer.default\">\n\t\t\t\t\t\t\t<div class=\"elementor-spacer\">\n\t\t\t<div class=\"elementor-spacer-inner\"><\/div>\n\t\t<\/div>\n\t\t\t\t\t\t<\/div>\n\t\t\t\t<\/a>\n\t\t\t\t<\/div>\n\t\t\t\t\t<\/div>\n\t\t\t\t<\/div>\n\t\t\t\t<\/div>\n\t\t","protected":false},"excerpt":{"rendered":"<p>Votre portail pour le transport d&rsquo;animaux vivants dans le monde entierVous avez choisi Lufthansa Cargo pour le transport d\u2019animaux vivants et vous recherchez un transitaire fiable et sp\u00e9cialis\u00e9 dans ce domaine? Utilisez notre outil de recherche en ligne et demandez une offre personnalis\u00e9e directement au transitaire de votre choix ! Animaux domestiques Chevaux Poissons d&rsquo;ornement [&hellip;]<\/p>\n","protected":false},"author":1,"featured_media":0,"parent":0,"menu_order":0,"comment_status":"closed","ping_status":"closed","template":"","meta":{"footnotes":""},"class_list":["post-1769","page","type-page","status-publish","hentry"],"yoast_head":"<!-- This site is optimized with the Yoast SEO plugin v27.1.1 - https:\/\/yoast.com\/product\/yoast-seo-wordpress\/ -->\n<title>Transport d&#039;animaux<\/title>\n<meta name=\"robots\" content=\"index, follow, max-snippet:-1, max-image-preview:large, max-video-preview:-1\" \/>\n<link rel=\"canonical\" href=\"https:\/\/forwardersearch.lufthansa-cargo.com\/tiertransporte\/\" \/>\n<meta property=\"og:locale\" content=\"fr_FR\" \/>\n<meta property=\"og:type\" content=\"article\" \/>\n<meta property=\"og:title\" content=\"Transport d&#039;animaux\" \/>\n<meta property=\"og:description\" content=\"Votre portail pour le transport d&rsquo;animaux vivants dans le monde entierVous avez choisi Lufthansa Cargo pour le transport d\u2019animaux vivants et vous recherchez un transitaire fiable et sp\u00e9cialis\u00e9 dans ce domaine? Utilisez notre outil de recherche en ligne et demandez une offre personnalis\u00e9e directement au transitaire de votre choix ! Animaux domestiques Chevaux Poissons d&rsquo;ornement [&hellip;]\" \/>\n<meta property=\"og:url\" content=\"https:\/\/forwardersearch.lufthansa-cargo.com\/tiertransporte\/\" \/>\n<meta property=\"og:site_name\" content=\"Lufthansa Cargo\" \/>\n<meta property=\"article:publisher\" content=\"https:\/\/www.facebook.com\/lufthansacargoag\" \/>\n<meta property=\"article:modified_time\" content=\"2025-07-10T14:54:20+00:00\" \/>\n<meta property=\"og:image\" content=\"https:\/\/forwardersearch.lufthansa-cargo.com\/wp-content\/uploads\/2025\/07\/lh_cargo_blue2023-q.png\" \/>\n\t<meta property=\"og:image:width\" content=\"512\" \/>\n\t<meta property=\"og:image:height\" content=\"512\" \/>\n\t<meta property=\"og:image:type\" content=\"image\/png\" \/>\n<meta name=\"twitter:card\" content=\"summary_large_image\" \/>\n<meta name=\"twitter:label1\" content=\"Dur\u00e9e de lecture estim\u00e9e\" \/>\n\t<meta name=\"twitter:data1\" content=\"1 minute\" \/>\n<script type=\"application\/ld+json\" class=\"yoast-schema-graph\">{\"@context\":\"https:\/\/schema.org\",\"@graph\":[{\"@type\":\"WebPage\",\"@id\":\"https:\/\/forwardersearch.lufthansa-cargo.com\/tiertransporte\/\",\"url\":\"https:\/\/forwardersearch.lufthansa-cargo.com\/tiertransporte\/\",\"name\":\"Transport d'animaux\",\"isPartOf\":{\"@id\":\"https:\/\/forwardersearch.lufthansa-cargo.com\/#website\"},\"datePublished\":\"2025-07-07T09:37:01+00:00\",\"dateModified\":\"2025-07-10T14:54:20+00:00\",\"breadcrumb\":{\"@id\":\"https:\/\/forwardersearch.lufthansa-cargo.com\/tiertransporte\/#breadcrumb\"},\"inLanguage\":\"fr-FR\",\"potentialAction\":[{\"@type\":\"ReadAction\",\"target\":[\"https:\/\/forwardersearch.lufthansa-cargo.com\/tiertransporte\/\"]}]},{\"@type\":\"BreadcrumbList\",\"@id\":\"https:\/\/forwardersearch.lufthansa-cargo.com\/tiertransporte\/#breadcrumb\",\"itemListElement\":[{\"@type\":\"ListItem\",\"position\":1,\"name\":\"Home\",\"item\":\"https:\/\/forwardersearch.lufthansa-cargo.com\/\"},{\"@type\":\"ListItem\",\"position\":2,\"name\":\"Transport d&#8217;animaux\"}]},{\"@type\":\"WebSite\",\"@id\":\"https:\/\/forwardersearch.lufthansa-cargo.com\/#website\",\"url\":\"https:\/\/forwardersearch.lufthansa-cargo.com\/\",\"name\":\"Lufthansa Cargo - Forwardersearch\",\"description\":\"forwardersearch\",\"publisher\":{\"@id\":\"https:\/\/forwardersearch.lufthansa-cargo.com\/#organization\"},\"potentialAction\":[{\"@type\":\"SearchAction\",\"target\":{\"@type\":\"EntryPoint\",\"urlTemplate\":\"https:\/\/forwardersearch.lufthansa-cargo.com\/?s={search_term_string}\"},\"query-input\":{\"@type\":\"PropertyValueSpecification\",\"valueRequired\":true,\"valueName\":\"search_term_string\"}}],\"inLanguage\":\"fr-FR\"},{\"@type\":\"Organization\",\"@id\":\"https:\/\/forwardersearch.lufthansa-cargo.com\/#organization\",\"name\":\"Lufthansa Cargo\",\"url\":\"https:\/\/forwardersearch.lufthansa-cargo.com\/\",\"logo\":{\"@type\":\"ImageObject\",\"inLanguage\":\"fr-FR\",\"@id\":\"https:\/\/forwardersearch.lufthansa-cargo.com\/#\/schema\/logo\/image\/\",\"url\":\"https:\/\/forwardersearch.lufthansa-cargo.com\/wp-content\/uploads\/2025\/07\/lh_cargo_blue2023.png\",\"contentUrl\":\"https:\/\/forwardersearch.lufthansa-cargo.com\/wp-content\/uploads\/2025\/07\/lh_cargo_blue2023.png\",\"width\":500,\"height\":59,\"caption\":\"Lufthansa Cargo\"},\"image\":{\"@id\":\"https:\/\/forwardersearch.lufthansa-cargo.com\/#\/schema\/logo\/image\/\"},\"sameAs\":[\"https:\/\/www.facebook.com\/lufthansacargoag\",\"https:\/\/www.youtube.com\/user\/LHCargoAG\",\"https:\/\/www.instagram.com\/lufthansacargoag\/\",\"https:\/\/www.linkedin.com\/company\/lufthansa-cargo\"]}]}<\/script>\n<!-- \/ Yoast SEO plugin. -->","yoast_head_json":{"title":"Transport d'animaux","robots":{"index":"index","follow":"follow","max-snippet":"max-snippet:-1","max-image-preview":"max-image-preview:large","max-video-preview":"max-video-preview:-1"},"canonical":"https:\/\/forwardersearch.lufthansa-cargo.com\/tiertransporte\/","og_locale":"fr_FR","og_type":"article","og_title":"Transport d'animaux","og_description":"Votre portail pour le transport d&rsquo;animaux vivants dans le monde entierVous avez choisi Lufthansa Cargo pour le transport d\u2019animaux vivants et vous recherchez un transitaire fiable et sp\u00e9cialis\u00e9 dans ce domaine? Utilisez notre outil de recherche en ligne et demandez une offre personnalis\u00e9e directement au transitaire de votre choix ! Animaux domestiques Chevaux Poissons d&rsquo;ornement [&hellip;]","og_url":"https:\/\/forwardersearch.lufthansa-cargo.com\/tiertransporte\/","og_site_name":"Lufthansa Cargo","article_publisher":"https:\/\/www.facebook.com\/lufthansacargoag","article_modified_time":"2025-07-10T14:54:20+00:00","og_image":[{"width":512,"height":512,"url":"https:\/\/forwardersearch.lufthansa-cargo.com\/wp-content\/uploads\/2025\/07\/lh_cargo_blue2023-q.png","type":"image\/png"}],"twitter_card":"summary_large_image","twitter_misc":{"Dur\u00e9e de lecture estim\u00e9e":"1 minute"},"schema":{"@context":"https:\/\/schema.org","@graph":[{"@type":"WebPage","@id":"https:\/\/forwardersearch.lufthansa-cargo.com\/tiertransporte\/","url":"https:\/\/forwardersearch.lufthansa-cargo.com\/tiertransporte\/","name":"Transport d'animaux","isPartOf":{"@id":"https:\/\/forwardersearch.lufthansa-cargo.com\/#website"},"datePublished":"2025-07-07T09:37:01+00:00","dateModified":"2025-07-10T14:54:20+00:00","breadcrumb":{"@id":"https:\/\/forwardersearch.lufthansa-cargo.com\/tiertransporte\/#breadcrumb"},"inLanguage":"fr-FR","potentialAction":[{"@type":"ReadAction","target":["https:\/\/forwardersearch.lufthansa-cargo.com\/tiertransporte\/"]}]},{"@type":"BreadcrumbList","@id":"https:\/\/forwardersearch.lufthansa-cargo.com\/tiertransporte\/#breadcrumb","itemListElement":[{"@type":"ListItem","position":1,"name":"Home","item":"https:\/\/forwardersearch.lufthansa-cargo.com\/"},{"@type":"ListItem","position":2,"name":"Transport d&#8217;animaux"}]},{"@type":"WebSite","@id":"https:\/\/forwardersearch.lufthansa-cargo.com\/#website","url":"https:\/\/forwardersearch.lufthansa-cargo.com\/","name":"Lufthansa Cargo - Forwardersearch","description":"forwardersearch","publisher":{"@id":"https:\/\/forwardersearch.lufthansa-cargo.com\/#organization"},"potentialAction":[{"@type":"SearchAction","target":{"@type":"EntryPoint","urlTemplate":"https:\/\/forwardersearch.lufthansa-cargo.com\/?s={search_term_string}"},"query-input":{"@type":"PropertyValueSpecification","valueRequired":true,"valueName":"search_term_string"}}],"inLanguage":"fr-FR"},{"@type":"Organization","@id":"https:\/\/forwardersearch.lufthansa-cargo.com\/#organization","name":"Lufthansa Cargo","url":"https:\/\/forwardersearch.lufthansa-cargo.com\/","logo":{"@type":"ImageObject","inLanguage":"fr-FR","@id":"https:\/\/forwardersearch.lufthansa-cargo.com\/#\/schema\/logo\/image\/","url":"https:\/\/forwardersearch.lufthansa-cargo.com\/wp-content\/uploads\/2025\/07\/lh_cargo_blue2023.png","contentUrl":"https:\/\/forwardersearch.lufthansa-cargo.com\/wp-content\/uploads\/2025\/07\/lh_cargo_blue2023.png","width":500,"height":59,"caption":"Lufthansa Cargo"},"image":{"@id":"https:\/\/forwardersearch.lufthansa-cargo.com\/#\/schema\/logo\/image\/"},"sameAs":["https:\/\/www.facebook.com\/lufthansacargoag","https:\/\/www.youtube.com\/user\/LHCargoAG","https:\/\/www.instagram.com\/lufthansacargoag\/","https:\/\/www.linkedin.com\/company\/lufthansa-cargo"]}]}},"_links":{"self":[{"href":"https:\/\/forwardersearch.lufthansa-cargo.com\/fr\/wp-json\/wp\/v2\/pages\/1769","targetHints":{"allow":["GET"]}}],"collection":[{"href":"https:\/\/forwardersearch.lufthansa-cargo.com\/fr\/wp-json\/wp\/v2\/pages"}],"about":[{"href":"https:\/\/forwardersearch.lufthansa-cargo.com\/fr\/wp-json\/wp\/v2\/types\/page"}],"author":[{"embeddable":true,"href":"https:\/\/forwardersearch.lufthansa-cargo.com\/fr\/wp-json\/wp\/v2\/users\/1"}],"replies":[{"embeddable":true,"href":"https:\/\/forwardersearch.lufthansa-cargo.com\/fr\/wp-json\/wp\/v2\/comments?post=1769"}],"version-history":[{"count":6,"href":"https:\/\/forwardersearch.lufthansa-cargo.com\/fr\/wp-json\/wp\/v2\/pages\/1769\/revisions"}],"predecessor-version":[{"id":1981,"href":"https:\/\/forwardersearch.lufthansa-cargo.com\/fr\/wp-json\/wp\/v2\/pages\/1769\/revisions\/1981"}],"wp:attachment":[{"href":"https:\/\/forwardersearch.lufthansa-cargo.com\/fr\/wp-json\/wp\/v2\/media?parent=1769"}],"curies":[{"name":"wp","href":"https:\/\/api.w.org\/{rel}","templated":true}]}}