{"id":1753,"date":"2025-07-04T16:19:46","date_gmt":"2025-07-04T14:19:46","guid":{"rendered":"https:\/\/forwarder.webhost.city-map.com\/accueil\/"},"modified":"2025-07-10T16:50:27","modified_gmt":"2025-07-10T14:50:27","slug":"accueil","status":"publish","type":"page","link":"https:\/\/forwardersearch.lufthansa-cargo.com\/fr\/","title":{"rendered":"Accueil"},"content":{"rendered":"\t\t<div data-elementor-type=\"wp-post\" data-elementor-id=\"1753\" class=\"elementor elementor-1753\" data-elementor-post-type=\"page\">\n\t\t\t\t<div class=\"elementor-element elementor-element-9bde6ac e-con-full e-flex e-con e-parent\" data-id=\"9bde6ac\" data-element_type=\"container\" data-e-type=\"container\">\n\t\t<div class=\"elementor-element elementor-element-527a035 e-con-full e-flex e-con e-child\" data-id=\"527a035\" data-element_type=\"container\" data-e-type=\"container\">\n\t\t\t\t<div class=\"elementor-element elementor-element-953882f elementor--v-position-bottom elementor--h-position-center elementor-arrows-position-inside elementor-pagination-position-inside elementor-widget elementor-widget-slides\" data-id=\"953882f\" data-element_type=\"widget\" data-e-type=\"widget\" data-settings=\"{&quot;navigation&quot;:&quot;both&quot;,&quot;autoplay&quot;:&quot;yes&quot;,&quot;pause_on_hover&quot;:&quot;yes&quot;,&quot;pause_on_interaction&quot;:&quot;yes&quot;,&quot;autoplay_speed&quot;:5000,&quot;infinite&quot;:&quot;yes&quot;,&quot;transition&quot;:&quot;slide&quot;,&quot;transition_speed&quot;:500}\" data-widget_type=\"slides.default\">\n\t\t\t\t\t\t\t\t\t\t<div class=\"elementor-slides-wrapper elementor-main-swiper swiper\" role=\"region\" aria-roledescription=\"carousel\" aria-label=\"Slider\" dir=\"ltr\" data-animation=\"\">\n\t\t\t\t<div class=\"swiper-wrapper elementor-slides\">\n\t\t\t\t\t\t\t\t\t\t<div class=\"elementor-repeater-item-f76cdbe swiper-slide\" role=\"group\" aria-roledescription=\"slide\"><div class=\"swiper-slide-bg\" role=\"img\" aria-label=\"Karte\"><\/div><div class=\"swiper-slide-inner\" ><div class=\"swiper-slide-contents\"><div class=\"elementor-slide-heading\">Votre portail pour le transport a\u00e9rien de marchandises sensibles dans le monde entier.<\/div><div class=\"elementor-slide-description\">Vous avez choisi Lufthansa Cargo pour le transport de votre fret sensible et vous recherchez un transitaire fiable situ\u00e9 dans votre r\u00e9gion ? Utilisez notre outil de recherche en ligne et demandez une offre personnalis\u00e9e directement au transitaire de votre choix !<\/div><\/div><\/div><\/div>\t\t\t\t<\/div>\n\t\t\t\t\t\t\t<\/div>\n\t\t\t\t\t\t\t\t<\/div>\n\t\t\t\t<\/div>\n\t\t\t\t<\/div>\n\t\t<div class=\"elementor-element elementor-element-0d212bd e-flex e-con-boxed e-con e-parent\" data-id=\"0d212bd\" data-element_type=\"container\" data-e-type=\"container\">\n\t\t\t\t\t<div class=\"e-con-inner\">\n\t\t<div class=\"elementor-element elementor-element-2b4f2b6 e-con-full e-flex e-con e-child\" data-id=\"2b4f2b6\" data-element_type=\"container\" data-e-type=\"container\">\n\t\t<a class=\"elementor-element elementor-element-6a296b5 e-con-full e-flex e-con e-child\" data-id=\"6a296b5\" data-element_type=\"container\" data-e-type=\"container\" data-settings=\"{&quot;background_background&quot;:&quot;classic&quot;}\" href=\"https:\/\/forwardersearch.lufthansa-cargo.com\/tiertransporte\/\">\n\t\t\t\t<div class=\"elementor-element elementor-element-d363d3e elementor-widget elementor-widget-heading\" data-id=\"d363d3e\" data-element_type=\"widget\" data-e-type=\"widget\" data-widget_type=\"heading.default\">\n\t\t\t\t\t<h3 class=\"elementor-heading-title elementor-size-default\">Animaux<\/h3>\t\t\t\t<\/div>\n\t\t\t\t<div class=\"elementor-element elementor-element-036cd23 elementor-widget elementor-widget-spacer\" data-id=\"036cd23\" data-element_type=\"widget\" data-e-type=\"widget\" data-widget_type=\"spacer.default\">\n\t\t\t\t\t\t\t<div class=\"elementor-spacer\">\n\t\t\t<div class=\"elementor-spacer-inner\"><\/div>\n\t\t<\/div>\n\t\t\t\t\t\t<\/div>\n\t\t\t\t<\/a>\n\t\t<a class=\"elementor-element elementor-element-f0d3551 e-con-full e-flex e-con e-child\" data-id=\"f0d3551\" data-element_type=\"container\" data-e-type=\"container\" data-settings=\"{&quot;background_background&quot;:&quot;classic&quot;}\" href=\"https:\/\/forwardersearch.lufthansa-cargo.com\/kunsttransport\/\">\n\t\t\t\t<div class=\"elementor-element elementor-element-affe9dd elementor-widget elementor-widget-heading\" data-id=\"affe9dd\" data-element_type=\"widget\" data-e-type=\"widget\" data-widget_type=\"heading.default\">\n\t\t\t\t\t<h3 class=\"elementor-heading-title elementor-size-default\">L'art<\/h3>\t\t\t\t<\/div>\n\t\t\t\t<div class=\"elementor-element elementor-element-71a9835 elementor-widget elementor-widget-spacer\" data-id=\"71a9835\" data-element_type=\"widget\" data-e-type=\"widget\" data-widget_type=\"spacer.default\">\n\t\t\t\t\t\t\t<div class=\"elementor-spacer\">\n\t\t\t<div class=\"elementor-spacer-inner\"><\/div>\n\t\t<\/div>\n\t\t\t\t\t\t<\/div>\n\t\t\t\t<\/a>\n\t\t<a class=\"elementor-element elementor-element-ff086a6 e-con-full e-flex e-con e-child\" data-id=\"ff086a6\" data-element_type=\"container\" data-e-type=\"container\" data-settings=\"{&quot;background_background&quot;:&quot;classic&quot;}\" href=\"https:\/\/forwardersearch.lufthansa-cargo.com\/bestattungstransport\/\">\n\t\t\t\t<div class=\"elementor-element elementor-element-628b8f2 elementor-widget elementor-widget-heading\" data-id=\"628b8f2\" data-element_type=\"widget\" data-e-type=\"widget\" data-widget_type=\"heading.default\">\n\t\t\t\t\t<h3 class=\"elementor-heading-title elementor-size-default\">Cercueils &amp; urnes<\/h3>\t\t\t\t<\/div>\n\t\t\t\t<div class=\"elementor-element elementor-element-e4bba6e elementor-widget elementor-widget-spacer\" data-id=\"e4bba6e\" data-element_type=\"widget\" data-e-type=\"widget\" data-widget_type=\"spacer.default\">\n\t\t\t\t\t\t\t<div class=\"elementor-spacer\">\n\t\t\t<div class=\"elementor-spacer-inner\"><\/div>\n\t\t<\/div>\n\t\t\t\t\t\t<\/div>\n\t\t\t\t<\/a>\n\t\t\t\t<\/div>\n\t\t\t\t\t<\/div>\n\t\t\t\t<\/div>\n\t\t\t\t<\/div>\n\t\t","protected":false},"excerpt":{"rendered":"<p>Votre portail pour le transport a\u00e9rien de marchandises sensibles dans le monde entier.Vous avez choisi Lufthansa Cargo pour le transport de votre fret sensible et vous recherchez un transitaire fiable situ\u00e9 dans votre r\u00e9gion ? Utilisez notre outil de recherche en ligne et demandez une offre personnalis\u00e9e directement au transitaire de votre choix ! Animaux [&hellip;]<\/p>\n","protected":false},"author":1,"featured_media":0,"parent":0,"menu_order":0,"comment_status":"closed","ping_status":"closed","template":"","meta":{"footnotes":""},"class_list":["post-1753","page","type-page","status-publish","hentry"],"yoast_head":"<!-- This site is optimized with the Yoast SEO plugin v27.1.1 - https:\/\/yoast.com\/product\/yoast-seo-wordpress\/ -->\n<title>Accueil<\/title>\n<meta name=\"robots\" content=\"index, follow, max-snippet:-1, max-image-preview:large, max-video-preview:-1\" \/>\n<link rel=\"canonical\" href=\"https:\/\/forwardersearch.lufthansa-cargo.com\/\" \/>\n<meta property=\"og:locale\" content=\"fr_FR\" \/>\n<meta property=\"og:type\" content=\"article\" \/>\n<meta property=\"og:title\" content=\"Accueil\" \/>\n<meta property=\"og:description\" content=\"Votre portail pour le transport a\u00e9rien de marchandises sensibles dans le monde entier.Vous avez choisi Lufthansa Cargo pour le transport de votre fret sensible et vous recherchez un transitaire fiable situ\u00e9 dans votre r\u00e9gion ? Utilisez notre outil de recherche en ligne et demandez une offre personnalis\u00e9e directement au transitaire de votre choix ! Animaux [&hellip;]\" \/>\n<meta property=\"og:url\" content=\"https:\/\/forwardersearch.lufthansa-cargo.com\/\" \/>\n<meta property=\"og:site_name\" content=\"Lufthansa Cargo\" \/>\n<meta property=\"article:publisher\" content=\"https:\/\/www.facebook.com\/lufthansacargoag\" \/>\n<meta property=\"article:modified_time\" content=\"2025-07-10T14:50:27+00:00\" \/>\n<meta property=\"og:image\" content=\"https:\/\/forwardersearch.lufthansa-cargo.com\/wp-content\/uploads\/2025\/07\/lh_cargo_blue2023-q.png\" \/>\n\t<meta property=\"og:image:width\" content=\"512\" \/>\n\t<meta property=\"og:image:height\" content=\"512\" \/>\n\t<meta property=\"og:image:type\" content=\"image\/png\" \/>\n<meta name=\"twitter:card\" content=\"summary_large_image\" \/>\n<meta name=\"twitter:label1\" content=\"Dur\u00e9e de lecture estim\u00e9e\" \/>\n\t<meta name=\"twitter:data1\" content=\"1 minute\" \/>\n<script type=\"application\/ld+json\" class=\"yoast-schema-graph\">{\"@context\":\"https:\/\/schema.org\",\"@graph\":[{\"@type\":\"WebPage\",\"@id\":\"https:\/\/forwardersearch.lufthansa-cargo.com\/\",\"url\":\"https:\/\/forwardersearch.lufthansa-cargo.com\/\",\"name\":\"Accueil\",\"isPartOf\":{\"@id\":\"https:\/\/forwardersearch.lufthansa-cargo.com\/#website\"},\"datePublished\":\"2025-07-04T14:19:46+00:00\",\"dateModified\":\"2025-07-10T14:50:27+00:00\",\"breadcrumb\":{\"@id\":\"https:\/\/forwardersearch.lufthansa-cargo.com\/#breadcrumb\"},\"inLanguage\":\"fr-FR\",\"potentialAction\":[{\"@type\":\"ReadAction\",\"target\":[\"https:\/\/forwardersearch.lufthansa-cargo.com\/\"]}]},{\"@type\":\"BreadcrumbList\",\"@id\":\"https:\/\/forwardersearch.lufthansa-cargo.com\/#breadcrumb\",\"itemListElement\":[{\"@type\":\"ListItem\",\"position\":1,\"name\":\"Home\",\"item\":\"https:\/\/forwardersearch.lufthansa-cargo.com\/\"},{\"@type\":\"ListItem\",\"position\":2,\"name\":\"Accueil\"}]},{\"@type\":\"WebSite\",\"@id\":\"https:\/\/forwardersearch.lufthansa-cargo.com\/#website\",\"url\":\"https:\/\/forwardersearch.lufthansa-cargo.com\/\",\"name\":\"Lufthansa Cargo - Forwardersearch\",\"description\":\"forwardersearch\",\"publisher\":{\"@id\":\"https:\/\/forwardersearch.lufthansa-cargo.com\/#organization\"},\"potentialAction\":[{\"@type\":\"SearchAction\",\"target\":{\"@type\":\"EntryPoint\",\"urlTemplate\":\"https:\/\/forwardersearch.lufthansa-cargo.com\/?s={search_term_string}\"},\"query-input\":{\"@type\":\"PropertyValueSpecification\",\"valueRequired\":true,\"valueName\":\"search_term_string\"}}],\"inLanguage\":\"fr-FR\"},{\"@type\":\"Organization\",\"@id\":\"https:\/\/forwardersearch.lufthansa-cargo.com\/#organization\",\"name\":\"Lufthansa Cargo\",\"url\":\"https:\/\/forwardersearch.lufthansa-cargo.com\/\",\"logo\":{\"@type\":\"ImageObject\",\"inLanguage\":\"fr-FR\",\"@id\":\"https:\/\/forwardersearch.lufthansa-cargo.com\/#\/schema\/logo\/image\/\",\"url\":\"https:\/\/forwardersearch.lufthansa-cargo.com\/wp-content\/uploads\/2025\/07\/lh_cargo_blue2023.png\",\"contentUrl\":\"https:\/\/forwardersearch.lufthansa-cargo.com\/wp-content\/uploads\/2025\/07\/lh_cargo_blue2023.png\",\"width\":500,\"height\":59,\"caption\":\"Lufthansa Cargo\"},\"image\":{\"@id\":\"https:\/\/forwardersearch.lufthansa-cargo.com\/#\/schema\/logo\/image\/\"},\"sameAs\":[\"https:\/\/www.facebook.com\/lufthansacargoag\",\"https:\/\/www.youtube.com\/user\/LHCargoAG\",\"https:\/\/www.instagram.com\/lufthansacargoag\/\",\"https:\/\/www.linkedin.com\/company\/lufthansa-cargo\"]}]}<\/script>\n<!-- \/ Yoast SEO plugin. -->","yoast_head_json":{"title":"Accueil","robots":{"index":"index","follow":"follow","max-snippet":"max-snippet:-1","max-image-preview":"max-image-preview:large","max-video-preview":"max-video-preview:-1"},"canonical":"https:\/\/forwardersearch.lufthansa-cargo.com\/","og_locale":"fr_FR","og_type":"article","og_title":"Accueil","og_description":"Votre portail pour le transport a\u00e9rien de marchandises sensibles dans le monde entier.Vous avez choisi Lufthansa Cargo pour le transport de votre fret sensible et vous recherchez un transitaire fiable situ\u00e9 dans votre r\u00e9gion ? Utilisez notre outil de recherche en ligne et demandez une offre personnalis\u00e9e directement au transitaire de votre choix ! Animaux [&hellip;]","og_url":"https:\/\/forwardersearch.lufthansa-cargo.com\/","og_site_name":"Lufthansa Cargo","article_publisher":"https:\/\/www.facebook.com\/lufthansacargoag","article_modified_time":"2025-07-10T14:50:27+00:00","og_image":[{"width":512,"height":512,"url":"https:\/\/forwardersearch.lufthansa-cargo.com\/wp-content\/uploads\/2025\/07\/lh_cargo_blue2023-q.png","type":"image\/png"}],"twitter_card":"summary_large_image","twitter_misc":{"Dur\u00e9e de lecture estim\u00e9e":"1 minute"},"schema":{"@context":"https:\/\/schema.org","@graph":[{"@type":"WebPage","@id":"https:\/\/forwardersearch.lufthansa-cargo.com\/","url":"https:\/\/forwardersearch.lufthansa-cargo.com\/","name":"Accueil","isPartOf":{"@id":"https:\/\/forwardersearch.lufthansa-cargo.com\/#website"},"datePublished":"2025-07-04T14:19:46+00:00","dateModified":"2025-07-10T14:50:27+00:00","breadcrumb":{"@id":"https:\/\/forwardersearch.lufthansa-cargo.com\/#breadcrumb"},"inLanguage":"fr-FR","potentialAction":[{"@type":"ReadAction","target":["https:\/\/forwardersearch.lufthansa-cargo.com\/"]}]},{"@type":"BreadcrumbList","@id":"https:\/\/forwardersearch.lufthansa-cargo.com\/#breadcrumb","itemListElement":[{"@type":"ListItem","position":1,"name":"Home","item":"https:\/\/forwardersearch.lufthansa-cargo.com\/"},{"@type":"ListItem","position":2,"name":"Accueil"}]},{"@type":"WebSite","@id":"https:\/\/forwardersearch.lufthansa-cargo.com\/#website","url":"https:\/\/forwardersearch.lufthansa-cargo.com\/","name":"Lufthansa Cargo - Forwardersearch","description":"forwardersearch","publisher":{"@id":"https:\/\/forwardersearch.lufthansa-cargo.com\/#organization"},"potentialAction":[{"@type":"SearchAction","target":{"@type":"EntryPoint","urlTemplate":"https:\/\/forwardersearch.lufthansa-cargo.com\/?s={search_term_string}"},"query-input":{"@type":"PropertyValueSpecification","valueRequired":true,"valueName":"search_term_string"}}],"inLanguage":"fr-FR"},{"@type":"Organization","@id":"https:\/\/forwardersearch.lufthansa-cargo.com\/#organization","name":"Lufthansa Cargo","url":"https:\/\/forwardersearch.lufthansa-cargo.com\/","logo":{"@type":"ImageObject","inLanguage":"fr-FR","@id":"https:\/\/forwardersearch.lufthansa-cargo.com\/#\/schema\/logo\/image\/","url":"https:\/\/forwardersearch.lufthansa-cargo.com\/wp-content\/uploads\/2025\/07\/lh_cargo_blue2023.png","contentUrl":"https:\/\/forwardersearch.lufthansa-cargo.com\/wp-content\/uploads\/2025\/07\/lh_cargo_blue2023.png","width":500,"height":59,"caption":"Lufthansa Cargo"},"image":{"@id":"https:\/\/forwardersearch.lufthansa-cargo.com\/#\/schema\/logo\/image\/"},"sameAs":["https:\/\/www.facebook.com\/lufthansacargoag","https:\/\/www.youtube.com\/user\/LHCargoAG","https:\/\/www.instagram.com\/lufthansacargoag\/","https:\/\/www.linkedin.com\/company\/lufthansa-cargo"]}]}},"_links":{"self":[{"href":"https:\/\/forwardersearch.lufthansa-cargo.com\/fr\/wp-json\/wp\/v2\/pages\/1753","targetHints":{"allow":["GET"]}}],"collection":[{"href":"https:\/\/forwardersearch.lufthansa-cargo.com\/fr\/wp-json\/wp\/v2\/pages"}],"about":[{"href":"https:\/\/forwardersearch.lufthansa-cargo.com\/fr\/wp-json\/wp\/v2\/types\/page"}],"author":[{"embeddable":true,"href":"https:\/\/forwardersearch.lufthansa-cargo.com\/fr\/wp-json\/wp\/v2\/users\/1"}],"replies":[{"embeddable":true,"href":"https:\/\/forwardersearch.lufthansa-cargo.com\/fr\/wp-json\/wp\/v2\/comments?post=1753"}],"version-history":[{"count":6,"href":"https:\/\/forwardersearch.lufthansa-cargo.com\/fr\/wp-json\/wp\/v2\/pages\/1753\/revisions"}],"predecessor-version":[{"id":1963,"href":"https:\/\/forwardersearch.lufthansa-cargo.com\/fr\/wp-json\/wp\/v2\/pages\/1753\/revisions\/1963"}],"wp:attachment":[{"href":"https:\/\/forwardersearch.lufthansa-cargo.com\/fr\/wp-json\/wp\/v2\/media?parent=1753"}],"curies":[{"name":"wp","href":"https:\/\/api.w.org\/{rel}","templated":true}]}}